{"id":16369,"date":"2024-04-05T16:02:22","date_gmt":"2024-04-05T15:02:22","guid":{"rendered":"https:\/\/portoexpo.hoti.shareit.pt\/politica-ambiental\/"},"modified":"2025-01-14T17:43:43","modified_gmt":"2025-01-14T17:43:43","slug":"umweltpolitik","status":"publish","type":"page","link":"https:\/\/www.trypportoexpo.com\/de\/umweltpolitik\/","title":{"rendered":"Umweltpolitik"},"content":{"rendered":"\t\t<div data-elementor-type=\"wp-page\" data-elementor-id=\"16369\" class=\"elementor elementor-16369 elementor-14170\" data-elementor-post-type=\"page\">\n\t\t\t\t<section class=\"elementor-element elementor-element-9d18320 e-con-full e-flex e-con e-parent\" data-id=\"9d18320\" data-element_type=\"container\" data-settings=\"{&quot;background_background&quot;:&quot;classic&quot;}\">\n\t\t<div class=\"elementor-element elementor-element-edc3c07 e-con-full e-flex e-con e-child\" data-id=\"edc3c07\" data-element_type=\"container\">\n\t\t\t\t<div class=\"elementor-element elementor-element-14f695f elementor-widget elementor-widget-heading\" data-id=\"14f695f\" data-element_type=\"widget\" data-widget_type=\"heading.default\">\n\t\t\t\t<div class=\"elementor-widget-container\">\n\t\t\t\t\t<h1 class=\"elementor-heading-title elementor-size-default\">Umweltpolitik<\/h1>\t\t\t\t<\/div>\n\t\t\t\t<\/div>\n\t\t\t\t<\/div>\n\t\t\t\t<\/section>\n\t\t<section class=\"elementor-element elementor-element-8e7a29a e-con-full e-flex e-con e-parent\" data-id=\"8e7a29a\" data-element_type=\"container\">\n\t\t\t\t<div class=\"elementor-element elementor-element-5428f0b elementor-widget elementor-widget-text-editor\" data-id=\"5428f0b\" data-element_type=\"widget\" data-widget_type=\"text-editor.default\">\n\t\t\t\t<div class=\"elementor-widget-container\">\n\t\t\t\t\t\t\t\t\t<p>Das <strong>Tryp Porto Expo Hotel<\/strong> ist sich der Bedeutung eines verantwortungsvollen und nachhaltigen Managements bei der Entwicklung der Hotelt\u00e4tigkeit bewusst. Im Rahmen dieser Leitlinien verpflichten wir uns, gute Praktiken zu entwickeln und einzuf\u00fchren, die darauf abzielen, die Auswirkungen unserer Dienstleistungen auf die Umwelt zu minimieren, die nat\u00fcrlichen Ressourcen zu erhalten, die Energieeffizienz zu verbessern und eine nachhaltige Zukunft im Tourismussektor aufzubauen. Zu diesem Zweck legt <strong>Tryp Porto Expo<\/strong> diese Politik in den folgenden Punkten fest:<\/p>\t\t\t\t\t\t\t\t<\/div>\n\t\t\t\t<\/div>\n\t\t\t\t<\/section>\n\t\t<section class=\"elementor-element elementor-element-540cb73 e-con-full e-flex e-con e-parent\" data-id=\"540cb73\" data-element_type=\"container\">\n\t\t<div class=\"elementor-element elementor-element-e3e1f7c e-con-full e-flex e-con e-child\" data-id=\"e3e1f7c\" data-element_type=\"container\" data-settings=\"{&quot;background_background&quot;:&quot;classic&quot;}\">\n\t\t\t\t<div class=\"elementor-element elementor-element-917d9c4 elementor-widget elementor-widget-spacer\" data-id=\"917d9c4\" data-element_type=\"widget\" data-widget_type=\"spacer.default\">\n\t\t\t\t<div class=\"elementor-widget-container\">\n\t\t\t\t\t\t\t<div class=\"elementor-spacer\">\n\t\t\t<div class=\"elementor-spacer-inner\"><\/div>\n\t\t<\/div>\n\t\t\t\t\t\t<\/div>\n\t\t\t\t<\/div>\n\t\t\t\t<\/div>\n\t\t<div class=\"elementor-element elementor-element-75fb5c0 e-con-full e-flex e-con e-child\" data-id=\"75fb5c0\" data-element_type=\"container\">\n\t\t<div class=\"elementor-element elementor-element-5fdd577 e-con-full e-flex e-con e-child\" data-id=\"5fdd577\" data-element_type=\"container\">\n\t\t\t\t<div class=\"elementor-element elementor-element-ca4faff elementor-widget elementor-widget-text-editor\" data-id=\"ca4faff\" data-element_type=\"widget\" data-widget_type=\"text-editor.default\">\n\t\t\t\t<div class=\"elementor-widget-container\">\n\t\t\t\t\t\t\t\t\t<div class=\"ewa-rteLine\">Die f\u00fcr ihre T\u00e4tigkeit geltenden Rechts- und Umweltvorschriften einzuhalten und ihre Auswirkungen regelm\u00e4\u00dfig zu bewerten<\/div><div class=\"ewa-rteLine\">\u00a0<\/div><div class=\"ewa-rteLine\">F\u00f6rderung des Umweltbewusstseins und der Ausbildung der Mitarbeiter, um sie einzubeziehen und sie in guten Umweltpraktiken zu schulen<\/div><div class=\"ewa-rteLine\">\u00a0<\/div><div class=\"ewa-rteLine\">Zusammenarbeit und F\u00f6rderung der Kommunikation mit staatlichen und externen Stellen und Verb\u00e4nden<\/div>\t\t\t\t\t\t\t\t<\/div>\n\t\t\t\t<\/div>\n\t\t\t\t<\/div>\n\t\t\t\t<\/div>\n\t\t\t\t<\/section>\n\t\t<section class=\"elementor-element elementor-element-f1caa94 e-con-full e-flex e-con e-parent\" data-id=\"f1caa94\" data-element_type=\"container\">\n\t\t<div class=\"elementor-element elementor-element-64a55ec e-con-full e-flex e-con e-child\" data-id=\"64a55ec\" data-element_type=\"container\">\n\t\t<div class=\"elementor-element elementor-element-de462c9 e-con-full e-flex e-con e-child\" data-id=\"de462c9\" data-element_type=\"container\">\n\t\t\t\t<div class=\"elementor-element elementor-element-6920d70 elementor-widget__width-initial elementor-widget elementor-widget-text-editor\" data-id=\"6920d70\" data-element_type=\"widget\" data-widget_type=\"text-editor.default\">\n\t\t\t\t<div class=\"elementor-widget-container\">\n\t\t\t\t\t\t\t\t\t<div class=\"ewa-rteLine\"><div class=\"ewa-rteLine\">F\u00f6rderung der Einbeziehung von Lieferanten in Fragen der guten Umweltpraxis mit dem Ziel, die Leistung in diesem Bereich und die des gesamten Betriebs zu verbessern<\/div><div class=\"ewa-rteLine\">\u00a0<\/div><div class=\"ewa-rteLine\">Senkung und Kontrolle des Energie- und Rohstoffverbrauchs<\/div><div class=\"ewa-rteLine\">\u00a0<\/div><div class=\"ewa-rteLine\">eine Haltung der kontinuierlichen Verbesserung bei der Vermeidung von Umweltverschmutzung einnehmen<\/div><div class=\"ewa-rteLine\">\u00a0<\/div><div class=\"ewa-rteLine\">Konsolidierung der Eroberung von Kunden, die bereit sind, die vom Unternehmen angebotenen Dienstleistungen mit einem hohen Qualit\u00e4tsniveau zu nutzen<\/div><\/div>\t\t\t\t\t\t\t\t<\/div>\n\t\t\t\t<\/div>\n\t\t\t\t<\/div>\n\t\t\t\t<\/div>\n\t\t<div class=\"elementor-element elementor-element-62a522c e-con-full e-flex e-con e-child\" data-id=\"62a522c\" data-element_type=\"container\" data-settings=\"{&quot;background_background&quot;:&quot;classic&quot;}\">\n\t\t\t\t<div class=\"elementor-element elementor-element-dc7eb9a elementor-widget elementor-widget-spacer\" data-id=\"dc7eb9a\" data-element_type=\"widget\" data-widget_type=\"spacer.default\">\n\t\t\t\t<div class=\"elementor-widget-container\">\n\t\t\t\t\t\t\t<div class=\"elementor-spacer\">\n\t\t\t<div class=\"elementor-spacer-inner\"><\/div>\n\t\t<\/div>\n\t\t\t\t\t\t<\/div>\n\t\t\t\t<\/div>\n\t\t\t\t<\/div>\n\t\t\t\t<\/section>\n\t\t<section class=\"elementor-element elementor-element-033af9c e-con-full e-flex e-con e-parent\" data-id=\"033af9c\" data-element_type=\"container\">\n\t\t\t\t<div class=\"elementor-element elementor-element-e1c660b elementor-widget elementor-widget-text-editor\" data-id=\"e1c660b\" data-element_type=\"widget\" data-widget_type=\"text-editor.default\">\n\t\t\t\t<div class=\"elementor-widget-container\">\n\t\t\t\t\t\t\t\t\t<p>Unter Ber\u00fccksichtigung dieser Grunds\u00e4tze sowie der Bereitstellung der notwendigen und angemessenen Ressourcen, einschlie\u00dflich der Verpflichtung zu spezialisiertem Personal, mit regelm\u00e4\u00dfiger Schulung und technologisch fortschrittlicher Ausstattung, ist das Tryp Porto Expo stets bestrebt, die Bed\u00fcrfnisse und Erwartungen seiner Kunden voll und ganz zu erf\u00fcllen.<\/p>\t\t\t\t\t\t\t\t<\/div>\n\t\t\t\t<\/div>\n\t\t\t\t<\/section>\n\t\t\t\t<\/div>\n\t\t","protected":false},"excerpt":{"rendered":"<p>Umweltpolitik Das Tryp Porto Expo Hotel ist sich der Bedeutung eines verantwortungsvollen und nachhaltigen Managements bei der Entwicklung der Hotelt\u00e4tigkeit bewusst. Im Rahmen dieser Leitlinien verpflichten wir uns, gute Praktiken zu entwickeln und einzuf\u00fchren, die darauf abzielen, die Auswirkungen unserer Dienstleistungen auf die Umwelt zu minimieren, die nat\u00fcrlichen Ressourcen zu erhalten, die Energieeffizienz zu verbessern [&hellip;]<\/p>\n","protected":false},"author":1,"featured_media":0,"parent":0,"menu_order":0,"comment_status":"closed","ping_status":"closed","template":"","meta":{"_acf_changed":false,"footnotes":""},"class_list":["post-16369","page","type-page","status-publish","hentry"],"acf":[],"yoast_head":"<!-- This site is optimized with the Yoast SEO plugin v24.5 - https:\/\/yoast.com\/wordpress\/plugins\/seo\/ -->\n<title>Umweltpolitik - Tryp Porto Expo<\/title>\n<meta name=\"description\" content=\"O TRYP Porto Expo Hotel \u00e9 uma moderna unidade de 4 estrelas, situado junto \u00e0 Exponor, a 1,5km da praia, 5 km do Aeroporto e a poucos minutos do centro.\" \/>\n<meta name=\"robots\" content=\"index, follow, max-snippet:-1, max-image-preview:large, max-video-preview:-1\" \/>\n<link rel=\"canonical\" href=\"https:\/\/www.trypportoexpo.com\/de\/umweltpolitik\/\" \/>\n<meta property=\"og:locale\" content=\"de_DE\" \/>\n<meta property=\"og:type\" content=\"article\" \/>\n<meta property=\"og:title\" content=\"Umweltpolitik - Tryp Porto Expo\" \/>\n<meta property=\"og:description\" content=\"O TRYP Porto Expo Hotel \u00e9 uma moderna unidade de 4 estrelas, situado junto \u00e0 Exponor, a 1,5km da praia, 5 km do Aeroporto e a poucos minutos do centro.\" \/>\n<meta property=\"og:url\" content=\"https:\/\/www.trypportoexpo.com\/de\/umweltpolitik\/\" \/>\n<meta property=\"og:site_name\" content=\"Tryp Porto Expo\" \/>\n<meta property=\"article:publisher\" content=\"https:\/\/www.facebook.com\/TRYPPortoExpo\/\" \/>\n<meta property=\"article:modified_time\" content=\"2025-01-14T17:43:43+00:00\" \/>\n<meta property=\"og:image\" content=\"https:\/\/www.trypportoexpo.com\/wp-content\/uploads\/sites\/12\/2024\/04\/TRYP_Porto_Expo_Open-Graph.jpg\" \/>\n\t<meta property=\"og:image:width\" content=\"1200\" \/>\n\t<meta property=\"og:image:height\" content=\"630\" \/>\n\t<meta property=\"og:image:type\" content=\"image\/jpeg\" \/>\n<meta name=\"twitter:card\" content=\"summary_large_image\" \/>\n<meta name=\"twitter:label1\" content=\"Gesch\u00e4tzte Lesezeit\" \/>\n\t<meta name=\"twitter:data1\" content=\"2\u00a0Minuten\" \/>\n<script type=\"application\/ld+json\" class=\"yoast-schema-graph\">{\"@context\":\"https:\/\/schema.org\",\"@graph\":[{\"@type\":\"WebPage\",\"@id\":\"https:\/\/www.trypportoexpo.com\/de\/umweltpolitik\/\",\"url\":\"https:\/\/www.trypportoexpo.com\/de\/umweltpolitik\/\",\"name\":\"Umweltpolitik - Tryp Porto Expo\",\"isPartOf\":{\"@id\":\"https:\/\/www.trypportoexpo.com\/de\/#website\"},\"datePublished\":\"2024-04-05T15:02:22+00:00\",\"dateModified\":\"2025-01-14T17:43:43+00:00\",\"description\":\"O TRYP Porto Expo Hotel \u00e9 uma moderna unidade de 4 estrelas, situado junto \u00e0 Exponor, a 1,5km da praia, 5 km do Aeroporto e a poucos minutos do centro.\",\"breadcrumb\":{\"@id\":\"https:\/\/www.trypportoexpo.com\/de\/umweltpolitik\/#breadcrumb\"},\"inLanguage\":\"de\",\"potentialAction\":[{\"@type\":\"ReadAction\",\"target\":[\"https:\/\/www.trypportoexpo.com\/de\/umweltpolitik\/\"]}]},{\"@type\":\"BreadcrumbList\",\"@id\":\"https:\/\/www.trypportoexpo.com\/de\/umweltpolitik\/#breadcrumb\",\"itemListElement\":[{\"@type\":\"ListItem\",\"position\":1,\"name\":\"In\u00edcio\",\"item\":\"https:\/\/www.trypportoexpo.com\/de\/\"},{\"@type\":\"ListItem\",\"position\":2,\"name\":\"Umweltpolitik\"}]},{\"@type\":\"WebSite\",\"@id\":\"https:\/\/www.trypportoexpo.com\/de\/#website\",\"url\":\"https:\/\/www.trypportoexpo.com\/de\/\",\"name\":\"TRYP Porto Expo\",\"description\":\"4-Sterne-Hotel in Le\u00e7a da Palmeira \u2013 Porto\",\"publisher\":{\"@id\":\"https:\/\/www.trypportoexpo.com\/de\/#organization\"},\"alternateName\":\"TRYP Porto Expo\",\"potentialAction\":[{\"@type\":\"SearchAction\",\"target\":{\"@type\":\"EntryPoint\",\"urlTemplate\":\"https:\/\/www.trypportoexpo.com\/de\/?s={search_term_string}\"},\"query-input\":{\"@type\":\"PropertyValueSpecification\",\"valueRequired\":true,\"valueName\":\"search_term_string\"}}],\"inLanguage\":\"de\"},{\"@type\":\"Organization\",\"@id\":\"https:\/\/www.trypportoexpo.com\/de\/#organization\",\"name\":\"Tryp Porto Expo\",\"alternateName\":\"Tryp Porto Expo\",\"url\":\"https:\/\/www.trypportoexpo.com\/de\/\",\"logo\":{\"@type\":\"ImageObject\",\"inLanguage\":\"de\",\"@id\":\"https:\/\/www.trypportoexpo.com\/de\/#\/schema\/logo\/image\/\",\"url\":\"https:\/\/www.trypportoexpo.com\/wp-content\/uploads\/sites\/12\/2024\/04\/TrypPortoExpo_Logo.svg\",\"contentUrl\":\"https:\/\/www.trypportoexpo.com\/wp-content\/uploads\/sites\/12\/2024\/04\/TrypPortoExpo_Logo.svg\",\"width\":166,\"height\":90,\"caption\":\"Tryp Porto Expo\"},\"image\":{\"@id\":\"https:\/\/www.trypportoexpo.com\/de\/#\/schema\/logo\/image\/\"},\"sameAs\":[\"https:\/\/www.facebook.com\/TRYPPortoExpo\/\",\"https:\/\/www.linkedin.com\/company\/hoti-hoteis\/\",\"https:\/\/www.tripadvisor.pt\/UserReviewEdit-g1066094-d286807-TRYP_by_Wyndham_Porto_Expo_Hotel-Leca_da_Palmeira_Porto_District_Northern_Portugal.html\"]}]}<\/script>\n<!-- \/ Yoast SEO plugin. -->","yoast_head_json":{"title":"Umweltpolitik - Tryp Porto Expo","description":"O TRYP Porto Expo Hotel \u00e9 uma moderna unidade de 4 estrelas, situado junto \u00e0 Exponor, a 1,5km da praia, 5 km do Aeroporto e a poucos minutos do centro.","robots":{"index":"index","follow":"follow","max-snippet":"max-snippet:-1","max-image-preview":"max-image-preview:large","max-video-preview":"max-video-preview:-1"},"canonical":"https:\/\/www.trypportoexpo.com\/de\/umweltpolitik\/","og_locale":"de_DE","og_type":"article","og_title":"Umweltpolitik - Tryp Porto Expo","og_description":"O TRYP Porto Expo Hotel \u00e9 uma moderna unidade de 4 estrelas, situado junto \u00e0 Exponor, a 1,5km da praia, 5 km do Aeroporto e a poucos minutos do centro.","og_url":"https:\/\/www.trypportoexpo.com\/de\/umweltpolitik\/","og_site_name":"Tryp Porto Expo","article_publisher":"https:\/\/www.facebook.com\/TRYPPortoExpo\/","article_modified_time":"2025-01-14T17:43:43+00:00","og_image":[{"width":1200,"height":630,"url":"https:\/\/www.trypportoexpo.com\/wp-content\/uploads\/sites\/12\/2024\/04\/TRYP_Porto_Expo_Open-Graph.jpg","type":"image\/jpeg"}],"twitter_card":"summary_large_image","twitter_misc":{"Gesch\u00e4tzte Lesezeit":"2\u00a0Minuten"},"schema":{"@context":"https:\/\/schema.org","@graph":[{"@type":"WebPage","@id":"https:\/\/www.trypportoexpo.com\/de\/umweltpolitik\/","url":"https:\/\/www.trypportoexpo.com\/de\/umweltpolitik\/","name":"Umweltpolitik - Tryp Porto Expo","isPartOf":{"@id":"https:\/\/www.trypportoexpo.com\/de\/#website"},"datePublished":"2024-04-05T15:02:22+00:00","dateModified":"2025-01-14T17:43:43+00:00","description":"O TRYP Porto Expo Hotel \u00e9 uma moderna unidade de 4 estrelas, situado junto \u00e0 Exponor, a 1,5km da praia, 5 km do Aeroporto e a poucos minutos do centro.","breadcrumb":{"@id":"https:\/\/www.trypportoexpo.com\/de\/umweltpolitik\/#breadcrumb"},"inLanguage":"de","potentialAction":[{"@type":"ReadAction","target":["https:\/\/www.trypportoexpo.com\/de\/umweltpolitik\/"]}]},{"@type":"BreadcrumbList","@id":"https:\/\/www.trypportoexpo.com\/de\/umweltpolitik\/#breadcrumb","itemListElement":[{"@type":"ListItem","position":1,"name":"In\u00edcio","item":"https:\/\/www.trypportoexpo.com\/de\/"},{"@type":"ListItem","position":2,"name":"Umweltpolitik"}]},{"@type":"WebSite","@id":"https:\/\/www.trypportoexpo.com\/de\/#website","url":"https:\/\/www.trypportoexpo.com\/de\/","name":"TRYP Porto Expo","description":"4-Sterne-Hotel in Le\u00e7a da Palmeira \u2013 Porto","publisher":{"@id":"https:\/\/www.trypportoexpo.com\/de\/#organization"},"alternateName":"TRYP Porto Expo","potentialAction":[{"@type":"SearchAction","target":{"@type":"EntryPoint","urlTemplate":"https:\/\/www.trypportoexpo.com\/de\/?s={search_term_string}"},"query-input":{"@type":"PropertyValueSpecification","valueRequired":true,"valueName":"search_term_string"}}],"inLanguage":"de"},{"@type":"Organization","@id":"https:\/\/www.trypportoexpo.com\/de\/#organization","name":"Tryp Porto Expo","alternateName":"Tryp Porto Expo","url":"https:\/\/www.trypportoexpo.com\/de\/","logo":{"@type":"ImageObject","inLanguage":"de","@id":"https:\/\/www.trypportoexpo.com\/de\/#\/schema\/logo\/image\/","url":"https:\/\/www.trypportoexpo.com\/wp-content\/uploads\/sites\/12\/2024\/04\/TrypPortoExpo_Logo.svg","contentUrl":"https:\/\/www.trypportoexpo.com\/wp-content\/uploads\/sites\/12\/2024\/04\/TrypPortoExpo_Logo.svg","width":166,"height":90,"caption":"Tryp Porto Expo"},"image":{"@id":"https:\/\/www.trypportoexpo.com\/de\/#\/schema\/logo\/image\/"},"sameAs":["https:\/\/www.facebook.com\/TRYPPortoExpo\/","https:\/\/www.linkedin.com\/company\/hoti-hoteis\/","https:\/\/www.tripadvisor.pt\/UserReviewEdit-g1066094-d286807-TRYP_by_Wyndham_Porto_Expo_Hotel-Leca_da_Palmeira_Porto_District_Northern_Portugal.html"]}]}},"_links":{"self":[{"href":"https:\/\/www.trypportoexpo.com\/de\/wp-json\/wp\/v2\/pages\/16369","targetHints":{"allow":["GET"]}}],"collection":[{"href":"https:\/\/www.trypportoexpo.com\/de\/wp-json\/wp\/v2\/pages"}],"about":[{"href":"https:\/\/www.trypportoexpo.com\/de\/wp-json\/wp\/v2\/types\/page"}],"author":[{"embeddable":true,"href":"https:\/\/www.trypportoexpo.com\/de\/wp-json\/wp\/v2\/users\/1"}],"replies":[{"embeddable":true,"href":"https:\/\/www.trypportoexpo.com\/de\/wp-json\/wp\/v2\/comments?post=16369"}],"version-history":[{"count":10,"href":"https:\/\/www.trypportoexpo.com\/de\/wp-json\/wp\/v2\/pages\/16369\/revisions"}],"predecessor-version":[{"id":18579,"href":"https:\/\/www.trypportoexpo.com\/de\/wp-json\/wp\/v2\/pages\/16369\/revisions\/18579"}],"wp:attachment":[{"href":"https:\/\/www.trypportoexpo.com\/de\/wp-json\/wp\/v2\/media?parent=16369"}],"curies":[{"name":"wp","href":"https:\/\/api.w.org\/{rel}","templated":true}]}}